{"id":18916,"date":"2021-10-12T15:51:09","date_gmt":"2021-10-12T15:51:09","guid":{"rendered":"https:\/\/fruityfarms.co\/about-us\/"},"modified":"2024-02-20T12:11:29","modified_gmt":"2024-02-20T12:11:29","slug":"about-us","status":"publish","type":"page","link":"https:\/\/fruityfarms.co\/fr\/about-us\/","title":{"rendered":"Us\u00c0 propos de nous"},"content":{"rendered":"\t\t<div data-elementor-type=\"wp-page\" data-elementor-id=\"18916\" class=\"elementor elementor-18916\" data-elementor-post-type=\"page\">\n\t\t\t\t\t\t<section class=\"elementor-section elementor-top-section elementor-element elementor-element-6f578e6 wd-section-stretch elementor-section-content-middle elementor-reverse-tablet elementor-reverse-mobile elementor-section-boxed elementor-section-height-default elementor-section-height-default\" data-id=\"6f578e6\" data-element_type=\"section\" data-e-type=\"section\" data-settings=\"{&quot;background_background&quot;:&quot;classic&quot;}\">\n\t\t\t\t\t\t<div class=\"elementor-container elementor-column-gap-default\">\n\t\t\t\t\t<div class=\"elementor-column elementor-col-50 elementor-top-column elementor-element elementor-element-49a842b\" data-id=\"49a842b\" data-element_type=\"column\" data-e-type=\"column\">\n\t\t\t<div class=\"elementor-widget-wrap elementor-element-populated\">\n\t\t\t\t\t\t<div class=\"elementor-element elementor-element-53228d7a elementor-widget elementor-widget-wd_title\" data-id=\"53228d7a\" data-element_type=\"widget\" data-e-type=\"widget\" data-widget_type=\"wd_title.default\">\n\t\t\t\t<div class=\"elementor-widget-container\">\n\t\t\t\t\t\t\t\t<link rel=\"stylesheet\" id=\"wd-section-title-css\" href=\"https:\/\/fruityfarms.co\/wp-content\/themes\/woodmart\/css\/parts\/el-section-title.min.css?ver=7.3.3\" type=\"text\/css\" media=\"all\" \/> \t\t\t\t\t<div class=\"title-wrapper set-mb-s reset-last-child wd-title-color-default wd-title-style-default wd-title-size-default text-left\">\n\n\t\t\t\n\t\t\t<div class=\"liner-continer\">\n\t\t\t\t<h4 class=\"woodmart-title-container title wd-fontsize-l\">Bienvenue aux Fermes Fruiti\u00e8res<\/h4> \n\t\t\t\t\t\t\t<\/div>\n\n\t\t\t\t\t<\/div>\n\t\t\t\t\t\t<\/div>\n\t\t\t\t<\/div>\n\t\t\t\t<div class=\"elementor-element elementor-element-f683cdd elementor-widget elementor-widget-wd_text_block\" data-id=\"f683cdd\" data-element_type=\"widget\" data-e-type=\"widget\" data-widget_type=\"wd_text_block.default\">\n\t\t\t\t<div class=\"elementor-widget-container\">\n\t\t\t\t\t\t\t\t<link rel=\"stylesheet\" id=\"wd-text-block-css\" href=\"https:\/\/fruityfarms.co\/wp-content\/themes\/woodmart\/css\/parts\/el-text-block.min.css?ver=7.3.3\" type=\"text\/css\" media=\"all\" \/> \t\t\t\t\t<div class=\"wd-text-block reset-last-child text-left\">\n\t\t\t\n\t\t\t<p>Chez Fruity Farms, nous sommes passionn\u00e9s par la culture des meilleurs fruits et leur livraison directe \u00e0 votre table. Notre parcours a commenc\u00e9 en 2008 avec une \u00e9quipe d\u00e9vou\u00e9e de professionnels engag\u00e9s dans l'excellence dans le domaine de l'agriculture.<\/p>\n\t\t\t\t\t<\/div>\n\t\t\t\t\t\t<\/div>\n\t\t\t\t<\/div>\n\t\t\t\t\t<\/div>\n\t\t<\/div>\n\t\t\t\t<div class=\"elementor-column elementor-col-50 elementor-top-column elementor-element elementor-element-21fd550b\" data-id=\"21fd550b\" data-element_type=\"column\" data-e-type=\"column\">\n\t\t\t<div class=\"elementor-widget-wrap elementor-element-populated\">\n\t\t\t\t\t\t<div class=\"elementor-element elementor-element-2a669994 elementor-widget elementor-widget-wd_image_or_svg\" data-id=\"2a669994\" data-element_type=\"widget\" data-e-type=\"widget\" data-widget_type=\"wd_image_or_svg.default\">\n\t\t\t\t<div class=\"elementor-widget-container\">\n\t\t\t\t\t\n\t\t<div class=\"wd-image text-center\">\n\t\t\t\t\t\t\t\t<img fetchpriority=\"high\" decoding=\"async\" width=\"626\" height=\"418\" src=\"https:\/\/fruityfarms.co\/wp-content\/uploads\/2024\/01\/orange-orange-tree-orange-park-beauty-world_146671-18778.jpg\" class=\"attachment-full size-full\" alt=\"\" srcset=\"https:\/\/fruityfarms.co\/wp-content\/uploads\/2024\/01\/orange-orange-tree-orange-park-beauty-world_146671-18778.jpg 626w, https:\/\/fruityfarms.co\/wp-content\/uploads\/2024\/01\/orange-orange-tree-orange-park-beauty-world_146671-18778-400x267.jpg 400w\" sizes=\"(max-width: 626px) 100vw, 626px\" \/>\t\t\t\t\t<\/div>\n\n\t\t\t\t\t\t<\/div>\n\t\t\t\t<\/div>\n\t\t\t\t\t<\/div>\n\t\t<\/div>\n\t\t\t\t\t<\/div>\n\t\t<\/section>\n\t\t\t\t<section class=\"elementor-section elementor-top-section elementor-element elementor-element-5f9673d elementor-section-stretched elementor-section-boxed elementor-section-height-default elementor-section-height-default wd-section-disabled\" data-id=\"5f9673d\" data-element_type=\"section\" data-e-type=\"section\" data-settings=\"{&quot;stretch_section&quot;:&quot;section-stretched&quot;,&quot;background_background&quot;:&quot;classic&quot;}\">\n\t\t\t\t\t\t<div class=\"elementor-container elementor-column-gap-default\">\n\t\t\t\t\t<div class=\"elementor-column elementor-col-50 elementor-top-column elementor-element elementor-element-87b461c\" data-id=\"87b461c\" data-element_type=\"column\" data-e-type=\"column\">\n\t\t\t<div class=\"elementor-widget-wrap\">\n\t\t\t\t\t\t\t<\/div>\n\t\t<\/div>\n\t\t\t\t<div class=\"elementor-column elementor-col-50 elementor-top-column elementor-element elementor-element-df17f54\" data-id=\"df17f54\" data-element_type=\"column\" data-e-type=\"column\">\n\t\t\t<div class=\"elementor-widget-wrap elementor-element-populated\">\n\t\t\t\t\t\t<div class=\"elementor-element elementor-element-b4fed2b elementor-view-default elementor-widget elementor-widget-icon\" data-id=\"b4fed2b\" data-element_type=\"widget\" data-e-type=\"widget\" data-widget_type=\"icon.default\">\n\t\t\t\t<div class=\"elementor-widget-container\">\n\t\t\t\t\t\t\t<div class=\"elementor-icon-wrapper\">\n\t\t\t<div class=\"elementor-icon\">\n\t\t\t<svg xmlns=\"http:\/\/www.w3.org\/2000\/svg\" width=\"70\" height=\"60\" viewBox=\"0 0 70 60\"><metadata><\/metadata><defs><style> .cls-1 { fill: #83ac2b; fill-rule: evenodd; } <\/style><\/defs><path id=\"hitwork-svg-3\" class=\"cls-1\" d=\"M740.027,5961.2a6.84,6.84,0,0,0,.973-3.51c0-3.9-4.381-6.92-8.151-6.92a7.324,7.324,0,0,0-1.323.13c-0.8-5.63-4.665-10-9.427-10.46a6.316,6.316,0,0,1,.249-0.79,6.419,6.419,0,0,1,.375-0.79c0-.01.011-0.01,0.015-0.02a6.742,6.742,0,0,1,1.26-1.64,7.647,7.647,0,0,1,2.326-1.51l-0.848-2.14a9.3,9.3,0,0,0-1.429.72,6.732,6.732,0,0,0-.523-1.28c-0.832-1.5-2.891-3.59-4.9-2.83-1.838.7-2.206,3.21-1.881,4.78a6.126,6.126,0,0,0,3.384,4.07,9.014,9.014,0,0,0-.4,1.53c-4.3.78-7.746,4.76-8.648,9.88a9.07,9.07,0,0,0-2.1-.65,9.647,9.647,0,0,0,.7-3.62c0-3.72-3.778-6.57-3.94-6.69a1.175,1.175,0,0,0-1.383,0,10.925,10.925,0,0,0-3.768,5.31,12.278,12.278,0,0,0-4.291-.23,1.152,1.152,0,0,0-.979.97c-0.029.2-.677,4.88,1.964,7.51a10.643,10.643,0,0,0,1.52,1.26,5.317,5.317,0,0,0-1.737.39,11.245,11.245,0,0,0-5.916-1.59h-0.069a11.4,11.4,0,0,0,.069-1.16c0-4.52-2.543-8.07-5.79-8.07-2.877,0-5.2,2.78-5.69,6.57a11.222,11.222,0,0,0-2.345-1c-2.124-.57-3.938-0.24-5.119.94s-1.515,2.98-.937,5.1a12.849,12.849,0,0,0,3.393,5.5c0.07,0.07.151,0.13,0.221,0.19h-2.263a1.159,1.159,0,0,0-1.158,1.16,27.774,27.774,0,0,0,27.8,27.69h13.9a27.774,27.774,0,0,0,27.8-27.69A1.139,1.139,0,0,0,740.027,5961.2Zm-21.015-26.73a2.4,2.4,0,0,1,.435-2.15,0.155,0.155,0,0,1,.07-0.01,3.568,3.568,0,0,1,1.98,1.8,4.758,4.758,0,0,1,.54,1.79c-0.044.05-.079,0.1-0.123,0.15a8.6,8.6,0,0,0-.661.83,0.567,0.567,0,0,0-.068.08A3.928,3.928,0,0,1,719.012,5934.47Zm-5.825,17.95c0-.04,0-0.07.006-0.11a0.016,0.016,0,0,1,0-.01c0.27-4.65,2.941-8.47,6.432-9.39a9.615,9.615,0,0,0,.56,2.5l2.167-.82a7.183,7.183,0,0,1-.42-1.85c4,0.41,7.183,4.57,7.419,9.73h0l0.007,0.15c0.006,0.15.019,0.3,0.019,0.46,0,0.37-.019.73-0.05,1.1-0.007.08-.021,0.17-0.029,0.26-0.03.28-.066,0.56-0.115,0.84-0.014.09-.031,0.17-0.047,0.25-0.056.29-.12,0.57-0.194,0.85-0.017.06-.036,0.13-0.054,0.2-0.085.29-.18,0.59-0.284,0.87a1.394,1.394,0,0,1-.051.14q-0.183.48-.4,0.93a0.158,0.158,0,0,1-.017.04,9.862,9.862,0,0,1-1.8,2.59H716.2c-0.181-.18-0.348-0.39-0.515-0.59-0.095-.12-0.188-0.23-0.278-0.35-0.118-.16-0.23-0.33-0.339-0.49-0.078-.12-0.155-0.24-0.228-0.36-0.11-.19-0.212-0.38-0.312-0.57-0.061-.12-0.124-0.23-0.181-0.35-0.1-.21-0.187-0.42-0.274-0.64-0.047-.12-0.1-0.23-0.141-0.35-0.082-.23-0.154-0.46-0.224-0.69-0.035-.12-0.075-0.23-0.107-0.35-0.065-.24-0.116-0.49-0.167-0.73-0.024-.12-0.054-0.24-0.075-0.36-0.047-.26-0.078-0.52-0.108-0.79-0.012-.11-0.031-0.21-0.041-0.32-0.03-.38-0.048-0.75-0.048-1.13C713.161,5952.85,713.176,5952.64,713.187,5952.42Zm-8.133-10.51c0.889,0.84,2.316,2.47,2.316,4.24a6.843,6.843,0,0,1-.888,3.53,0.115,0.115,0,0,0-.057.01c-0.308.03-.61,0.08-0.911,0.14-0.034.01-.065,0.01-0.1,0.02a3.043,3.043,0,0,0-.41.09c-0.018,0-.034.01-0.053,0.01l-0.393.12c-0.044.01-.09,0.03-0.134,0.04-0.112.04-.225,0.08-0.35,0.13-0.056-.06-0.114-0.12-0.17-0.19a0.132,0.132,0,0,1-.037-0.04,6.261,6.261,0,0,1-1.118-3.7c0-.01,0-0.02,0-0.03,0-.04-0.007-0.08-0.007-0.13C702.738,5944.38,704.164,5942.75,705.054,5941.91Zm-1.451,11.14c0.082-.06.168-0.1,0.252-0.15,0.143-.09.285-0.17,0.433-0.25,0.13-.06.264-0.11,0.4-0.17,0.152-.06.306-0.13,0.467-0.18,0.016-.01.032-0.01,0.048-0.02,0.129-.04.26-0.08,0.39-0.11,0.1-.03.2-0.05,0.337-0.08a8.824,8.824,0,0,1,1.213-.15h0.028a1.355,1.355,0,0,1,.2-0.02,6.843,6.843,0,0,1,3.478.94c0,0.07,0,.15,0,0.22,0,0.45.026,0.89,0.063,1.33,0.011,0.13.026,0.25,0.039,0.38,0.036,0.33.084,0.65,0.141,0.98,0.02,0.12.039,0.23,0.063,0.35,0.085,0.42.182,0.84,0.3,1.25h0c0.12,0.41.262,0.81,0.415,1.2,0.049,0.12.1,0.24,0.153,0.36,0.114,0.26.234,0.52,0.363,0.77,0.067,0.14.134,0.27,0.206,0.4,0.147,0.27.306,0.53,0.47,0.78,0.057,0.09.108,0.19,0.167,0.27h-8.3c0.008-.04.006-0.08,0.013-0.12a5.376,5.376,0,0,0,.11-1.03,5.753,5.753,0,0,0-.107-1.05c-0.016-.09-0.037-0.17-0.058-0.26a5.974,5.974,0,0,0-.254-0.82c-0.022-.05-0.039-0.1-0.062-0.16a5.359,5.359,0,0,0-.494-0.9,0.764,0.764,0,0,0-.074-0.1,4.909,4.909,0,0,0-.566-0.68c-0.057-.06-0.115-0.12-0.176-0.18a5.712,5.712,0,0,0-.648-0.53c-0.052-.04-0.1-0.08-0.152-0.12a6.053,6.053,0,0,0-.714-0.4c0.011-.01.03-0.02,0.04-0.03A6.966,6.966,0,0,1,703.6,5953.05Zm-6.051-6.29a8.941,8.941,0,0,1,2.917.37,9.383,9.383,0,0,0,.506,2.3c0.008,0.03.019,0.05,0.027,0.08a7.79,7.79,0,0,0,.39.89c0.024,0.04.049,0.09,0.073,0.14a6.477,6.477,0,0,0,.447.7c0.025,0.04.045,0.08,0.071,0.12-0.114.08-.218,0.17-0.328,0.26a9.358,9.358,0,0,0-1.114,1.02,8.009,8.009,0,0,1-1.615-1.25C697.671,5950.14,697.523,5947.98,697.552,5946.76Zm-1.648,12.4c0.012-.05.032-0.1,0.047-0.15a3.2,3.2,0,0,1,.3-0.7,0.165,0.165,0,0,1,.029-0.05,3.575,3.575,0,0,1,1.284-1.26c0.008,0,.015-0.01.023-0.01a3.137,3.137,0,0,1,2.233-.39h0.011a2.848,2.848,0,0,1,.579.15c0.012,0,.026.01,0.04,0.01a3.384,3.384,0,0,1,.447.21,0.99,0.99,0,0,1,.155.08,3.634,3.634,0,0,1,.321.22c0.074,0.06.147,0.12,0.217,0.18a2.72,2.72,0,0,1,.223.22,2.17,2.17,0,0,1,.224.27,2.265,2.265,0,0,1,.155.22,3.119,3.119,0,0,1,.19.34,2.244,2.244,0,0,1,.1.22,3.366,3.366,0,0,1,.132.42c0.017,0.07.042,0.13,0.055,0.2a3.434,3.434,0,0,1,.067.66,3.375,3.375,0,0,1-.1.77c-0.02.07-.041,0.15-0.066,0.23-0.017.05-.047,0.1-0.065,0.15h-6.485c-0.016-.04-0.04-0.08-0.055-0.12-0.03-.1-0.053-0.19-0.075-0.27a3.457,3.457,0,0,1-.1-0.76A3.293,3.293,0,0,1,695.9,5959.16Zm-6.049-3.69h0a11.067,11.067,0,0,1,1.3-.08,9.489,9.489,0,0,1,3.809.77c-0.033.04-.056,0.08-0.09,0.12a5.539,5.539,0,0,0-.511.68c-0.048.07-.084,0.16-0.129,0.23a6.338,6.338,0,0,0-.349.7c-0.054.13-.086,0.28-0.13,0.41a6.152,6.152,0,0,0-.173.6,5.779,5.779,0,0,0-.11,1.1,5.581,5.581,0,0,0,.1,1.01c0.008,0.05,0,.1.015,0.14H688.84a1.839,1.839,0,0,1,.695-1.38l-1.39-1.85a4.169,4.169,0,0,0-1.621,3.23h-2.05a2.029,2.029,0,0,1-.106-0.23c-0.014-.04-0.028-0.09-0.04-0.13a2.923,2.923,0,0,1-.12-0.79,2.966,2.966,0,0,1,.085-0.67c0.012-.05.021-0.1,0.035-0.15a3.408,3.408,0,0,1,.212-0.56c0.02-.04.045-0.08,0.066-0.12,0.013-.02.03-0.03,0.043-0.05l0.067-.13c0.037-.06.072-0.12,0.11-0.18,0.059-.09.121-0.17,0.188-0.26q0.049-.06.1-0.12c0.022-.02.046-0.05,0.069-0.07a5.145,5.145,0,0,1,.84-0.76c0.033-.02.067-0.05,0.1-0.07a6.057,6.057,0,0,1,.958-0.56,1.1,1.1,0,0,1,.156-0.08,8.336,8.336,0,0,1,1.153-.44c0.027,0,.052-0.02.08-0.02A10.113,10.113,0,0,1,689.855,5955.47Zm-4.489-9.32c1.883,0,3.474,2.65,3.474,5.77a8.832,8.832,0,0,1-.111,1.4l-0.1.03a9.6,9.6,0,0,0-.939.23l-0.1.03a9.75,9.75,0,0,0-.95.35c-0.1.04-.195,0.09-0.293,0.13-0.2.09-.389,0.18-0.575,0.28-0.123.07-.242,0.13-0.361,0.2-0.156.1-.3,0.19-0.452,0.29-0.088.06-.185,0.11-0.27,0.17-0.044-.06-0.1-0.12-0.143-0.19q-0.267-.375-0.564-0.75c-0.082-.11-0.162-0.21-0.248-0.31-0.281-.33-0.574-0.66-0.888-0.97a12.924,12.924,0,0,0-.964-0.89C681.893,5948.8,683.483,5946.15,685.366,5946.15Zm-11.856,8.7a2.944,2.944,0,0,1,.34-2.86,2.977,2.977,0,0,1,2.871-.34,9.867,9.867,0,0,1,3.371,1.79,14.03,14.03,0,0,1,1.128.99,14.845,14.845,0,0,1,1.017,1.15c0.1,0.13.185,0.27,0.281,0.4,0.17,0.24.336,0.48,0.484,0.72a1.274,1.274,0,0,0-.08.13,0.043,0.043,0,0,0-.024.02,3.378,3.378,0,0,0-.191.32,0.428,0.428,0,0,1-.043.07c-0.015.03-.034,0.05-0.049,0.08-0.081.15-.15,0.29-0.217,0.44-0.048.11-.094,0.21-0.135,0.32-0.048.13-.092,0.25-0.132,0.38-0.045.15-.08,0.3-0.112,0.45-0.021.1-.046,0.2-0.061,0.3a5.032,5.032,0,0,0-.066.79,5.437,5.437,0,0,0,.116,1.05c0.007,0.03,0,.07.012,0.1h-3.361a11.486,11.486,0,0,1-2.353-1.82A10.74,10.74,0,0,1,673.51,5954.85Zm39.651,32.84h-13.9a25.472,25.472,0,0,1-25.453-24.23h64.805A25.473,25.473,0,0,1,713.161,5987.69Zm23.933-26.54h-7.3a3.848,3.848,0,0,1-.3-0.28c0.113-.18.215-0.36,0.319-0.54,0.158-.28.307-0.56,0.447-0.85,0.076-.16.153-0.32,0.222-0.48,0.089-.21.174-0.41,0.254-0.63,0.067-.17.126-0.35,0.186-0.53,0.087-.26.169-0.53,0.242-0.79,0.078-.29.15-0.58,0.21-0.87,0.035-.17.063-0.34,0.091-0.51,0.048-.28.087-0.56,0.12-0.84,0.016-.14.033-0.28,0.046-0.42,0.035-.39.058-0.79,0.061-1.18a4.56,4.56,0,0,1,1.161-.15c2.627,0,5.835,2.13,5.835,4.61A4.546,4.546,0,0,1,737.094,5961.15Zm-61.813-6.1,1.638-1.63,2.316,2.3-1.638,1.63Zm47.145-7.74v2.31a2.31,2.31,0,0,1,2.316,2.3h2.316A4.627,4.627,0,0,0,722.426,5947.31Zm-9.265,28.84c-3.263,0-5.641,1.19-6.949,3.36-1.307-2.17-3.686-3.36-6.949-3.36a1.159,1.159,0,0,0-1.158,1.16c0,5.05,3.031,8.07,8.107,8.07s8.107-3.02,8.107-8.07A1.159,1.159,0,0,0,713.161,5976.15Zm-12.661,2.39a4.715,4.715,0,0,1,4.477,4.46A4.79,4.79,0,0,1,700.5,5978.54Zm6.945,4.46a4.716,4.716,0,0,1,4.478-4.46A4.788,4.788,0,0,1,707.445,5983Zm-1.233-17.23c-1.949,0-3.474,2.03-3.474,4.61s1.525,4.62,3.474,4.62,3.474-2.03,3.474-4.62S708.161,5965.77,706.212,5965.77Zm0,6.92c-0.472,0-1.158-.9-1.158-2.31s0.686-2.3,1.158-2.3,1.158,0.9,1.158,2.3S706.685,5972.69,706.212,5972.69Z\" transform=\"translate(-671 -5930)\"><\/path><\/svg>\t\t\t<\/div>\n\t\t<\/div>\n\t\t\t\t\t\t<\/div>\n\t\t\t\t<\/div>\n\t\t\t\t<div class=\"elementor-element elementor-element-86af145 elementor-widget elementor-widget-heading\" data-id=\"86af145\" data-element_type=\"widget\" data-e-type=\"widget\" data-widget_type=\"heading.default\">\n\t\t\t\t<div class=\"elementor-widget-container\">\n\t\t\t\t\t<h2 class=\"elementor-heading-title elementor-size-default\">notre voyage<\/h2>\t\t\t\t<\/div>\n\t\t\t\t<\/div>\n\t\t\t\t<div class=\"elementor-element elementor-element-1e5ddf0 elementor-widget-divider--separator-type-pattern elementor-widget-divider--view-line elementor-widget elementor-widget-divider\" data-id=\"1e5ddf0\" data-element_type=\"widget\" data-e-type=\"widget\" data-widget_type=\"divider.default\">\n\t\t\t\t<div class=\"elementor-widget-container\">\n\t\t\t\t\t\t\t<div class=\"elementor-divider\" style=\"--divider-pattern-url: url(&quot;data:image\/svg+xml,%3Csvg xmlns=&#039;http:\/\/www.w3.org\/2000\/svg&#039; preserveAspectRatio=&#039;none&#039; overflow=&#039;visible&#039; height=&#039;100%&#039; viewBox=&#039;0 0 24 24&#039; fill=&#039;none&#039; stroke=&#039;black&#039; stroke-width=&#039;4.2&#039; stroke-linecap=&#039;square&#039; stroke-miterlimit=&#039;10&#039;%3E%3Cpath d=&#039;M0,6c6,0,0.9,11.1,6.9,11.1S18,6,24,6&#039;\/%3E%3C\/svg%3E&quot;);\">\n\t\t\t<span class=\"elementor-divider-separator\">\n\t\t\t\t\t\t<\/span>\n\t\t<\/div>\n\t\t\t\t\t\t<\/div>\n\t\t\t\t<\/div>\n\t\t\t\t<div class=\"elementor-element elementor-element-da03f51 color-scheme-inherit text-left elementor-widget elementor-widget-text-editor\" data-id=\"da03f51\" data-element_type=\"widget\" data-e-type=\"widget\" data-widget_type=\"text-editor.default\">\n\t\t\t\t<div class=\"elementor-widget-container\">\n\t\t\t\t\t\t\t\t\t<p>Depuis nos modestes d\u00e9buts en exportant des fraises fra\u00eeches vers le Royaume-Uni et les Pays-Bas en 2009, nous avons \u00e9tendu nos op\u00e9rations \u00e0 320 hectares dans les sols fertiles du Delta du Nil et de la route d\u00e9sertique du Caire \u00e0 Alexandrie. Notre parcours est ancr\u00e9 dans un engagement \u00e0 offrir le meilleur que la nature a \u00e0 offrir.<\/p>\t\t\t\t\t\t\t\t<\/div>\n\t\t\t\t<\/div>\n\t\t\t\t\t<\/div>\n\t\t<\/div>\n\t\t\t\t\t<\/div>\n\t\t<\/section>\n\t\t\t\t<section class=\"elementor-section elementor-top-section elementor-element elementor-element-5d98535 elementor-section-boxed elementor-section-height-default elementor-section-height-default wd-section-disabled\" data-id=\"5d98535\" data-element_type=\"section\" data-e-type=\"section\">\n\t\t\t\t\t\t<div class=\"elementor-container elementor-column-gap-default\">\n\t\t\t\t\t<div class=\"elementor-column elementor-col-25 elementor-top-column elementor-element elementor-element-bb49f44\" data-id=\"bb49f44\" data-element_type=\"column\" data-e-type=\"column\">\n\t\t\t<div class=\"elementor-widget-wrap elementor-element-populated\">\n\t\t\t\t\t\t<div class=\"elementor-element elementor-element-d16668a elementor-view-default elementor-widget elementor-widget-icon\" data-id=\"d16668a\" data-element_type=\"widget\" data-e-type=\"widget\" data-widget_type=\"icon.default\">\n\t\t\t\t<div class=\"elementor-widget-container\">\n\t\t\t\t\t\t\t<div class=\"elementor-icon-wrapper\">\n\t\t\t<div class=\"elementor-icon\">\n\t\t\t<i aria-hidden=\"true\" class=\"far fa-calendar-alt\"><\/i>\t\t\t<\/div>\n\t\t<\/div>\n\t\t\t\t\t\t<\/div>\n\t\t\t\t<\/div>\n\t\t\t\t<div class=\"elementor-element elementor-element-a252c88 elementor-widget elementor-widget-wd_counter\" data-id=\"a252c88\" data-element_type=\"widget\" data-e-type=\"widget\" data-widget_type=\"wd_counter.default\">\n\t\t\t\t<div class=\"elementor-widget-container\">\n\t\t\t\t\t\t\t\t<link rel=\"stylesheet\" id=\"wd-counter-css\" href=\"https:\/\/fruityfarms.co\/wp-content\/themes\/woodmart\/css\/parts\/el-counter.min.css?ver=7.3.3\" type=\"text\/css\" media=\"all\" \/> \t\t\t\t\t<div class=\"woodmart-counter counter-large text-center color-scheme-custom\">\n\t\t\t<div class=\"counter-value\" data-state=\"new\" data-final=\"16\">\n\t\t\t\t16\t\t\t<\/div>\n\n\t\t\t\t\t\t\t<div class=\"counter-label\">\n\t\t\t\t\tAns d&#039;activit\u00e9\t\t\t\t<\/div>\n\t\t\t\t\t<\/div>\n\t\t\t\t\t\t<\/div>\n\t\t\t\t<\/div>\n\t\t\t\t\t<\/div>\n\t\t<\/div>\n\t\t\t\t<div class=\"elementor-column elementor-col-25 elementor-top-column elementor-element elementor-element-e41bf19\" data-id=\"e41bf19\" data-element_type=\"column\" data-e-type=\"column\">\n\t\t\t<div class=\"elementor-widget-wrap elementor-element-populated\">\n\t\t\t\t\t\t<div class=\"elementor-element elementor-element-62d099b elementor-view-default elementor-widget elementor-widget-icon\" data-id=\"62d099b\" data-element_type=\"widget\" data-e-type=\"widget\" data-widget_type=\"icon.default\">\n\t\t\t\t<div class=\"elementor-widget-container\">\n\t\t\t\t\t\t\t<div class=\"elementor-icon-wrapper\">\n\t\t\t<div class=\"elementor-icon\">\n\t\t\t<i aria-hidden=\"true\" class=\"fas fa-shipping-fast\"><\/i>\t\t\t<\/div>\n\t\t<\/div>\n\t\t\t\t\t\t<\/div>\n\t\t\t\t<\/div>\n\t\t\t\t<div class=\"elementor-element elementor-element-dda284b elementor-widget elementor-widget-wd_counter\" data-id=\"dda284b\" data-element_type=\"widget\" data-e-type=\"widget\" data-widget_type=\"wd_counter.default\">\n\t\t\t\t<div class=\"elementor-widget-container\">\n\t\t\t\t\t\t\t<div class=\"woodmart-counter counter-large text-center color-scheme-custom\">\n\t\t\t<div class=\"counter-value\" data-state=\"new\" data-final=\"9742\">\n\t\t\t\t9742\t\t\t<\/div>\n\n\t\t\t\t\t\t\t<div class=\"counter-label\">\n\t\t\t\t\tLivraison de fruits\t\t\t\t<\/div>\n\t\t\t\t\t<\/div>\n\t\t\t\t\t\t<\/div>\n\t\t\t\t<\/div>\n\t\t\t\t\t<\/div>\n\t\t<\/div>\n\t\t\t\t<div class=\"elementor-column elementor-col-25 elementor-top-column elementor-element elementor-element-3cbb611\" data-id=\"3cbb611\" data-element_type=\"column\" data-e-type=\"column\">\n\t\t\t<div class=\"elementor-widget-wrap elementor-element-populated\">\n\t\t\t\t\t\t<div class=\"elementor-element elementor-element-1a4da1c elementor-view-default elementor-widget elementor-widget-icon\" data-id=\"1a4da1c\" data-element_type=\"widget\" data-e-type=\"widget\" data-widget_type=\"icon.default\">\n\t\t\t\t<div class=\"elementor-widget-container\">\n\t\t\t\t\t\t\t<div class=\"elementor-icon-wrapper\">\n\t\t\t<div class=\"elementor-icon\">\n\t\t\t<i aria-hidden=\"true\" class=\"fas fa-shopping-cart\"><\/i>\t\t\t<\/div>\n\t\t<\/div>\n\t\t\t\t\t\t<\/div>\n\t\t\t\t<\/div>\n\t\t\t\t<div class=\"elementor-element elementor-element-de049df elementor-widget elementor-widget-wd_counter\" data-id=\"de049df\" data-element_type=\"widget\" data-e-type=\"widget\" data-widget_type=\"wd_counter.default\">\n\t\t\t\t<div class=\"elementor-widget-container\">\n\t\t\t\t\t\t\t<div class=\"woodmart-counter counter-large text-center color-scheme-custom\">\n\t\t\t<div class=\"counter-value\" data-state=\"new\" data-final=\"6313\">\n\t\t\t\t6313\t\t\t<\/div>\n\n\t\t\t\t\t\t\t<div class=\"counter-label\">\n\t\t\t\t\tCommandes en ligne\t\t\t\t<\/div>\n\t\t\t\t\t<\/div>\n\t\t\t\t\t\t<\/div>\n\t\t\t\t<\/div>\n\t\t\t\t\t<\/div>\n\t\t<\/div>\n\t\t\t\t<div class=\"elementor-column elementor-col-25 elementor-top-column elementor-element elementor-element-49f02d3\" data-id=\"49f02d3\" data-element_type=\"column\" data-e-type=\"column\">\n\t\t\t<div class=\"elementor-widget-wrap elementor-element-populated\">\n\t\t\t\t\t\t<div class=\"elementor-element elementor-element-3f9ac69 elementor-view-default elementor-widget elementor-widget-icon\" data-id=\"3f9ac69\" data-element_type=\"widget\" data-e-type=\"widget\" data-widget_type=\"icon.default\">\n\t\t\t\t<div class=\"elementor-widget-container\">\n\t\t\t\t\t\t\t<div class=\"elementor-icon-wrapper\">\n\t\t\t<div class=\"elementor-icon\">\n\t\t\t<i aria-hidden=\"true\" class=\"fas fa-user\"><\/i>\t\t\t<\/div>\n\t\t<\/div>\n\t\t\t\t\t\t<\/div>\n\t\t\t\t<\/div>\n\t\t\t\t<div class=\"elementor-element elementor-element-f3f15d0 elementor-widget elementor-widget-wd_counter\" data-id=\"f3f15d0\" data-element_type=\"widget\" data-e-type=\"widget\" data-widget_type=\"wd_counter.default\">\n\t\t\t\t<div class=\"elementor-widget-container\">\n\t\t\t\t\t\t\t<div class=\"woodmart-counter counter-large text-center color-scheme-custom\">\n\t\t\t<div class=\"counter-value\" data-state=\"new\" data-final=\"589\">\n\t\t\t\t589\t\t\t<\/div>\n\n\t\t\t\t\t\t\t<div class=\"counter-label\">\n\t\t\t\t\tClients satisfaits\t\t\t\t<\/div>\n\t\t\t\t\t<\/div>\n\t\t\t\t\t\t<\/div>\n\t\t\t\t<\/div>\n\t\t\t\t\t<\/div>\n\t\t<\/div>\n\t\t\t\t\t<\/div>\n\t\t<\/section>\n\t\t\t\t<section class=\"elementor-section elementor-top-section elementor-element elementor-element-a9ff9e2 elementor-section-boxed elementor-section-height-default elementor-section-height-default wd-section-disabled\" data-id=\"a9ff9e2\" data-element_type=\"section\" data-e-type=\"section\">\n\t\t\t\t\t\t<div class=\"elementor-container elementor-column-gap-default\">\n\t\t\t\t\t<div class=\"elementor-column elementor-col-100 elementor-top-column elementor-element elementor-element-2e57a3c\" data-id=\"2e57a3c\" data-element_type=\"column\" data-e-type=\"column\">\n\t\t\t<div class=\"elementor-widget-wrap elementor-element-populated\">\n\t\t\t\t\t\t<div class=\"elementor-element elementor-element-69c6b83 elementor-widget elementor-widget-image-carousel\" data-id=\"69c6b83\" data-element_type=\"widget\" data-e-type=\"widget\" data-settings=\"{&quot;navigation&quot;:&quot;none&quot;,&quot;autoplay&quot;:&quot;yes&quot;,&quot;pause_on_hover&quot;:&quot;yes&quot;,&quot;pause_on_interaction&quot;:&quot;yes&quot;,&quot;autoplay_speed&quot;:5000,&quot;infinite&quot;:&quot;yes&quot;,&quot;speed&quot;:500}\" data-widget_type=\"image-carousel.default\">\n\t\t\t\t<div class=\"elementor-widget-container\">\n\t\t\t\t\t\t\t<div class=\"elementor-image-carousel-wrapper swiper\" role=\"region\" aria-roledescription=\"carousel\" aria-label=\"Carrousel d\u2019images\" dir=\"ltr\">\n\t\t\t<div class=\"elementor-image-carousel swiper-wrapper\" aria-live=\"off\">\n\t\t\t\t\t\t\t\t<div class=\"swiper-slide\" role=\"group\" aria-roledescription=\"slide\" aria-label=\"1 sur 3\"><figure class=\"swiper-slide-inner\"><img decoding=\"async\" class=\"swiper-slide-image\" src=\"https:\/\/fruityfarms.co\/wp-content\/uploads\/elementor\/thumbs\/Global-1-qg9vqhl5x1m4e37de2qfdurwfx0lwvz087qf3rnegw.png\" alt=\"Global 1\" \/><\/figure><\/div><div class=\"swiper-slide\" role=\"group\" aria-roledescription=\"slide\" aria-label=\"2 sur 3\"><figure class=\"swiper-slide-inner\"><img decoding=\"async\" class=\"swiper-slide-image\" src=\"https:\/\/fruityfarms.co\/wp-content\/uploads\/elementor\/thumbs\/EURO-CERT-qg9vqcvyyvfos1e75ipajdylgznruegcjkgzpdudc0.png\" alt=\"EURO CERT\" \/><\/figure><\/div><div class=\"swiper-slide\" role=\"group\" aria-roledescription=\"slide\" aria-label=\"3 sur 3\"><figure class=\"swiper-slide-inner\"><img decoding=\"async\" class=\"swiper-slide-image\" src=\"https:\/\/fruityfarms.co\/wp-content\/uploads\/elementor\/thumbs\/ACERTA-qg9vnp0flrsfvt9gpd9ch25kvosc19vq6dxgr5siyo.png\" alt=\"ACERTA\" \/><\/figure><\/div>\t\t\t<\/div>\n\t\t\t\t\t\t\t\n\t\t\t\t\t\t\t\t\t<\/div>\n\t\t\t\t\t\t<\/div>\n\t\t\t\t<\/div>\n\t\t\t\t\t<\/div>\n\t\t<\/div>\n\t\t\t\t\t<\/div>\n\t\t<\/section>\n\t\t\t\t<\/div>\n\t\t","protected":false},"excerpt":{"rendered":"<p>Bienvenue aux Fermes Fruiti\u00e8res Chez Fruity Farms, nous sommes passionn\u00e9s par la culture des meilleurs fruits et leur livraison directe<\/p>\n","protected":false},"author":2,"featured_media":0,"parent":0,"menu_order":0,"comment_status":"closed","ping_status":"closed","template":"","meta":{"footnotes":""},"class_list":["post-18916","page","type-page","status-publish","hentry"],"_links":{"self":[{"href":"https:\/\/fruityfarms.co\/fr\/wp-json\/wp\/v2\/pages\/18916","targetHints":{"allow":["GET"]}}],"collection":[{"href":"https:\/\/fruityfarms.co\/fr\/wp-json\/wp\/v2\/pages"}],"about":[{"href":"https:\/\/fruityfarms.co\/fr\/wp-json\/wp\/v2\/types\/page"}],"author":[{"embeddable":true,"href":"https:\/\/fruityfarms.co\/fr\/wp-json\/wp\/v2\/users\/2"}],"replies":[{"embeddable":true,"href":"https:\/\/fruityfarms.co\/fr\/wp-json\/wp\/v2\/comments?post=18916"}],"version-history":[{"count":35,"href":"https:\/\/fruityfarms.co\/fr\/wp-json\/wp\/v2\/pages\/18916\/revisions"}],"predecessor-version":[{"id":19659,"href":"https:\/\/fruityfarms.co\/fr\/wp-json\/wp\/v2\/pages\/18916\/revisions\/19659"}],"wp:attachment":[{"href":"https:\/\/fruityfarms.co\/fr\/wp-json\/wp\/v2\/media?parent=18916"}],"curies":[{"name":"wp","href":"https:\/\/api.w.org\/{rel}","templated":true}]}}