{"id":19052,"date":"2024-01-10T08:18:24","date_gmt":"2024-01-10T08:18:24","guid":{"rendered":"https:\/\/fruityfarms.co\/events\/"},"modified":"2024-02-20T12:23:33","modified_gmt":"2024-02-20T12:23:33","slug":"events","status":"publish","type":"page","link":"https:\/\/fruityfarms.co\/fr\/events\/","title":{"rendered":"\u00c9v\u00e9nements"},"content":{"rendered":"\t\t<div data-elementor-type=\"wp-page\" data-elementor-id=\"19052\" class=\"elementor elementor-19052\" data-elementor-post-type=\"page\">\n\t\t\t\t\t\t<section class=\"elementor-section elementor-top-section elementor-element elementor-element-71d1380 elementor-section-full_width elementor-section-stretched elementor-section-height-default elementor-section-height-default wd-section-disabled\" data-id=\"71d1380\" data-element_type=\"section\" data-e-type=\"section\" data-settings=\"{&quot;stretch_section&quot;:&quot;section-stretched&quot;}\">\n\t\t\t\t\t\t\t<div class=\"elementor-background-overlay\"><\/div>\n\t\t\t\t\t\t\t<div class=\"elementor-container elementor-column-gap-default\">\n\t\t\t\t\t<div class=\"elementor-column elementor-col-50 elementor-top-column elementor-element elementor-element-ac7e5d2\" data-id=\"ac7e5d2\" data-element_type=\"column\" data-e-type=\"column\">\n\t\t\t<div class=\"elementor-widget-wrap elementor-element-populated\">\n\t\t\t\t\t\t<div class=\"elementor-element elementor-element-0da487a elementor-widget elementor-widget-image\" data-id=\"0da487a\" data-element_type=\"widget\" data-e-type=\"widget\" data-widget_type=\"image.default\">\n\t\t\t\t<div class=\"elementor-widget-container\">\n\t\t\t\t\t\t\t\t\t\t\t\t\t\t\t<img fetchpriority=\"high\" decoding=\"async\" width=\"2560\" height=\"1706\" src=\"https:\/\/fruityfarms.co\/wp-content\/uploads\/2024\/01\/image11-scaled.jpg\" class=\"attachment-full size-full wp-image-17135\" alt=\"\" srcset=\"https:\/\/fruityfarms.co\/wp-content\/uploads\/2024\/01\/image11-scaled.jpg 2560w, https:\/\/fruityfarms.co\/wp-content\/uploads\/2024\/01\/image11-400x267.jpg 400w, https:\/\/fruityfarms.co\/wp-content\/uploads\/2024\/01\/image11-1200x800.jpg 1200w, https:\/\/fruityfarms.co\/wp-content\/uploads\/2024\/01\/image11-768x512.jpg 768w, https:\/\/fruityfarms.co\/wp-content\/uploads\/2024\/01\/image11-1536x1024.jpg 1536w, https:\/\/fruityfarms.co\/wp-content\/uploads\/2024\/01\/image11-2048x1365.jpg 2048w\" sizes=\"(max-width: 2560px) 100vw, 2560px\" \/>\t\t\t\t\t\t\t\t\t\t\t\t\t\t\t<\/div>\n\t\t\t\t<\/div>\n\t\t\t\t\t<\/div>\n\t\t<\/div>\n\t\t\t\t<div class=\"elementor-column elementor-col-50 elementor-top-column elementor-element elementor-element-b7ebcee color-scheme-light\" data-id=\"b7ebcee\" data-element_type=\"column\" data-e-type=\"column\">\n\t\t\t<div class=\"elementor-widget-wrap elementor-element-populated\">\n\t\t\t\t\t\t<div class=\"elementor-element elementor-element-43ff70f elementor-widget elementor-widget-heading\" data-id=\"43ff70f\" data-element_type=\"widget\" data-e-type=\"widget\" data-widget_type=\"heading.default\">\n\t\t\t\t<div class=\"elementor-widget-container\">\n\t\t\t\t\t<h2 class=\"elementor-heading-title elementor-size-default\">\nLa ferme fruiti\u00e8re \u00e0 la PREMI\u00c8RE ET PLUS GRANDE EXPOSITION AGROALIMENTAIRE D'AFRIQUE - FOOD AFRICA 2023<\/h2>\t\t\t\t<\/div>\n\t\t\t\t<\/div>\n\t\t\t\t<div class=\"elementor-element elementor-element-9eea918 text-center color-scheme-inherit elementor-widget elementor-widget-text-editor\" data-id=\"9eea918\" data-element_type=\"widget\" data-e-type=\"widget\" data-widget_type=\"text-editor.default\">\n\t\t\t\t<div class=\"elementor-widget-container\">\n\t\t\t\t\t\t\t\t\t<p>Au cours des sept derni\u00e8res \u00e9ditions, Food Africa, le Salon International du Commerce des Aliments et des Boissons, s&rsquo;est impos\u00e9 comme une marque mondiale d\u00e9velopp\u00e9e pour cr\u00e9er un r\u00e9seau efficace entre les commer\u00e7ants internationaux et les vendeurs avec leurs homologues d&rsquo;\u00c9gypte, du MENA et de la r\u00e9gion africaine. L&rsquo;\u00e9v\u00e9nement vise \u00e0 attirer les grossistes, les distributeurs, les d\u00e9taillants et d&rsquo;autres professionnels de l&rsquo;industrie lors d&rsquo;une exposition de trois jours qui vise \u00e0 r\u00e9pondre aux besoins diff\u00e9rents des acheteurs et des importateurs, ainsi qu&rsquo;\u00e0 servir de nouveaux march\u00e9s en \u00c9gypte et en Afrique.<\/p>\t\t\t\t\t\t\t\t<\/div>\n\t\t\t\t<\/div>\n\t\t\t\t\t<\/div>\n\t\t<\/div>\n\t\t\t\t\t<\/div>\n\t\t<\/section>\n\t\t\t\t<section class=\"elementor-section elementor-top-section elementor-element elementor-element-ae81b3c elementor-section-full_width elementor-section-stretched elementor-section-height-default elementor-section-height-default wd-section-disabled\" data-id=\"ae81b3c\" data-element_type=\"section\" data-e-type=\"section\" data-settings=\"{&quot;stretch_section&quot;:&quot;section-stretched&quot;}\">\n\t\t\t\t\t\t<div class=\"elementor-container elementor-column-gap-default\">\n\t\t\t\t\t<div class=\"elementor-column elementor-col-100 elementor-top-column elementor-element elementor-element-85b2e51\" data-id=\"85b2e51\" data-element_type=\"column\" data-e-type=\"column\">\n\t\t\t<div class=\"elementor-widget-wrap\">\n\t\t\t\t\t\t\t<\/div>\n\t\t<\/div>\n\t\t\t\t\t<\/div>\n\t\t<\/section>\n\t\t\t\t<section class=\"elementor-section elementor-top-section elementor-element elementor-element-729f1d7 elementor-section-full_width elementor-section-stretched elementor-section-height-default elementor-section-height-default wd-section-disabled\" data-id=\"729f1d7\" data-element_type=\"section\" data-e-type=\"section\" data-settings=\"{&quot;stretch_section&quot;:&quot;section-stretched&quot;}\">\n\t\t\t\t\t\t\t<div class=\"elementor-background-overlay\"><\/div>\n\t\t\t\t\t\t\t<div class=\"elementor-container elementor-column-gap-default\">\n\t\t\t\t\t<div class=\"elementor-column elementor-col-50 elementor-top-column elementor-element elementor-element-e32d3be color-scheme-light\" data-id=\"e32d3be\" data-element_type=\"column\" data-e-type=\"column\">\n\t\t\t<div class=\"elementor-widget-wrap elementor-element-populated\">\n\t\t\t\t\t\t<div class=\"elementor-element elementor-element-c5a5066 elementor-widget elementor-widget-heading\" data-id=\"c5a5066\" data-element_type=\"widget\" data-e-type=\"widget\" data-widget_type=\"heading.default\">\n\t\t\t\t<div class=\"elementor-widget-container\">\n\t\t\t\t\t<h2 class=\"elementor-heading-title elementor-size-default\">Asia Fruit logitica <br> 6 septembre - 8 septembre 2023 <br>( Hong&nbsp;Kong&nbsp;)<\/h2>\t\t\t\t<\/div>\n\t\t\t\t<\/div>\n\t\t\t\t<div class=\"elementor-element elementor-element-331db79 text-center color-scheme-inherit elementor-widget elementor-widget-text-editor\" data-id=\"331db79\" data-element_type=\"widget\" data-e-type=\"widget\" data-widget_type=\"text-editor.default\">\n\t\t\t\t<div class=\"elementor-widget-container\">\n\t\t\t\t\t\t\t\t\t<p>Asia Fruit Logistica est l&rsquo;un des principaux \u00e9v\u00e9nements de l&rsquo;industrie des produits frais, rassemblant des professionnels, des exposants et des experts du monde entier. L&rsquo;\u00e9v\u00e9nement \u00e9tait pr\u00e9vu du 6 au 8 septembre 2023 \u00e0 Hong Kong. Il sert de plateforme pour pr\u00e9senter les derni\u00e8res innovations, technologies et produits dans le secteur des fruits et l\u00e9gumes.<\/p>\t\t\t\t\t\t\t\t<\/div>\n\t\t\t\t<\/div>\n\t\t\t\t\t<\/div>\n\t\t<\/div>\n\t\t\t\t<div class=\"elementor-column elementor-col-50 elementor-top-column elementor-element elementor-element-03d32c4\" data-id=\"03d32c4\" data-element_type=\"column\" data-e-type=\"column\">\n\t\t\t<div class=\"elementor-widget-wrap elementor-element-populated\">\n\t\t\t\t\t\t<div class=\"elementor-element elementor-element-7508adc elementor-widget elementor-widget-wd_images_gallery\" data-id=\"7508adc\" data-element_type=\"widget\" data-e-type=\"widget\" data-widget_type=\"wd_images_gallery.default\">\n\t\t\t\t<div class=\"elementor-widget-container\">\n\t\t\t\t\t\t\t\t<link rel=\"stylesheet\" id=\"wd-photoswipe-css\" href=\"https:\/\/fruityfarms.co\/wp-content\/themes\/woodmart\/css\/parts\/lib-photoswipe.min.css?ver=7.3.3\" type=\"text\/css\" media=\"all\" \/> \t\t\t\t\t\t<link rel=\"stylesheet\" id=\"wd-image-gallery-css\" href=\"https:\/\/fruityfarms.co\/wp-content\/themes\/woodmart\/css\/parts\/el-gallery.min.css?ver=7.3.3\" type=\"text\/css\" media=\"all\" \/> \t\t\t\t\t<div class=\"wd-images-gallery wd-justify-center wd-items-middle view-grid photoswipe-images\" >\n\t\t\t<div class=\"gallery-images row wd-spacing-0\">\n\t\t\t\t\t\t\t\t\t\t\t\t\t\t<div class=\"wd-gallery-item  col-lg-4 col-md-4 col-12\">\n\t\t\t\t\t\t\t\t\t\t\t\t\t<a  href=\"https:\/\/fruityfarms.co\/wp-content\/uploads\/2024\/02\/Untitled-4-5.jpg\"data-width=\"160\" data-height=\"220\" data-index=\"1\" data-elementor-open-lightbox=\"no\">\n\t\t\t\t\t\t\n\t\t\t\t\t\t<img decoding=\"async\" src=\"https:\/\/fruityfarms.co\/wp-content\/uploads\/2024\/02\/Untitled-4-5.jpg\"alt=\"Untitled-4.jpg\">\n\t\t\t\t\t\t\t\t\t\t\t\t\t<\/a>\n\t\t\t\t\t\t\t\t\t\t\t<\/div>\n\t\t\t\t\t\t\t\t\t\t\t\t\t\t\t<div class=\"wd-gallery-item  col-lg-4 col-md-4 col-12\">\n\t\t\t\t\t\t\t\t\t\t\t\t\t<a  href=\"https:\/\/fruityfarms.co\/wp-content\/uploads\/2024\/02\/Untitled-4-1-1.jpg\"data-width=\"160\" data-height=\"220\" data-index=\"2\" data-elementor-open-lightbox=\"no\">\n\t\t\t\t\t\t\n\t\t\t\t\t\t<img decoding=\"async\" src=\"https:\/\/fruityfarms.co\/wp-content\/uploads\/2024\/02\/Untitled-4-1-1.jpg\"alt=\"Untitled-4-1.jpg\">\n\t\t\t\t\t\t\t\t\t\t\t\t\t<\/a>\n\t\t\t\t\t\t\t\t\t\t\t<\/div>\n\t\t\t\t\t\t\t\t\t\t\t\t\t\t\t<div class=\"wd-gallery-item  col-lg-4 col-md-4 col-12\">\n\t\t\t\t\t\t\t\t\t\t\t\t\t<a  href=\"https:\/\/fruityfarms.co\/wp-content\/uploads\/2024\/02\/Untitled88-1.jpg\"data-width=\"160\" data-height=\"220\" data-index=\"3\" data-elementor-open-lightbox=\"no\">\n\t\t\t\t\t\t\n\t\t\t\t\t\t<img decoding=\"async\" src=\"https:\/\/fruityfarms.co\/wp-content\/uploads\/2024\/02\/Untitled88-1.jpg\"alt=\"Untitled88.jpg\">\n\t\t\t\t\t\t\t\t\t\t\t\t\t<\/a>\n\t\t\t\t\t\t\t\t\t\t\t<\/div>\n\t\t\t\t\t\t\t\t<\/div>\n\t\t<\/div>\n\t\t\t\t\t\t<\/div>\n\t\t\t\t<\/div>\n\t\t\t\t\t<\/div>\n\t\t<\/div>\n\t\t\t\t\t<\/div>\n\t\t<\/section>\n\t\t\t\t<section class=\"elementor-section elementor-top-section elementor-element elementor-element-5de3ce1 elementor-section-full_width elementor-section-stretched elementor-section-height-default elementor-section-height-default wd-section-disabled\" data-id=\"5de3ce1\" data-element_type=\"section\" data-e-type=\"section\" data-settings=\"{&quot;stretch_section&quot;:&quot;section-stretched&quot;}\">\n\t\t\t\t\t\t<div class=\"elementor-container elementor-column-gap-default\">\n\t\t\t\t\t<div class=\"elementor-column elementor-col-100 elementor-top-column elementor-element elementor-element-cb30a73\" data-id=\"cb30a73\" data-element_type=\"column\" data-e-type=\"column\">\n\t\t\t<div class=\"elementor-widget-wrap\">\n\t\t\t\t\t\t\t<\/div>\n\t\t<\/div>\n\t\t\t\t\t<\/div>\n\t\t<\/section>\n\t\t\t\t<section class=\"elementor-section elementor-top-section elementor-element elementor-element-f288f15 elementor-section-full_width elementor-section-stretched elementor-section-height-default elementor-section-height-default wd-section-disabled\" data-id=\"f288f15\" data-element_type=\"section\" data-e-type=\"section\" data-settings=\"{&quot;stretch_section&quot;:&quot;section-stretched&quot;}\">\n\t\t\t\t\t\t\t<div class=\"elementor-background-overlay\"><\/div>\n\t\t\t\t\t\t\t<div class=\"elementor-container elementor-column-gap-default\">\n\t\t\t\t\t<div class=\"elementor-column elementor-col-50 elementor-top-column elementor-element elementor-element-61d2a9f\" data-id=\"61d2a9f\" data-element_type=\"column\" data-e-type=\"column\">\n\t\t\t<div class=\"elementor-widget-wrap elementor-element-populated\">\n\t\t\t\t\t\t<div class=\"elementor-element elementor-element-d9c2be9 elementor-widget elementor-widget-image\" data-id=\"d9c2be9\" data-element_type=\"widget\" data-e-type=\"widget\" data-widget_type=\"image.default\">\n\t\t\t\t<div class=\"elementor-widget-container\">\n\t\t\t\t\t\t\t\t\t\t\t\t\t\t\t<img decoding=\"async\" width=\"1600\" height=\"838\" src=\"https:\/\/fruityfarms.co\/wp-content\/uploads\/2024\/01\/WhatsApp-Image-2024-01-16-at-15.55.58_eae21595.jpg\" class=\"attachment-full size-full wp-image-17111\" alt=\"\" srcset=\"https:\/\/fruityfarms.co\/wp-content\/uploads\/2024\/01\/WhatsApp-Image-2024-01-16-at-15.55.58_eae21595.jpg 1600w, https:\/\/fruityfarms.co\/wp-content\/uploads\/2024\/01\/WhatsApp-Image-2024-01-16-at-15.55.58_eae21595-400x210.jpg 400w, https:\/\/fruityfarms.co\/wp-content\/uploads\/2024\/01\/WhatsApp-Image-2024-01-16-at-15.55.58_eae21595-1300x681.jpg 1300w, https:\/\/fruityfarms.co\/wp-content\/uploads\/2024\/01\/WhatsApp-Image-2024-01-16-at-15.55.58_eae21595-768x402.jpg 768w, https:\/\/fruityfarms.co\/wp-content\/uploads\/2024\/01\/WhatsApp-Image-2024-01-16-at-15.55.58_eae21595-1536x804.jpg 1536w\" sizes=\"(max-width: 1600px) 100vw, 1600px\" \/>\t\t\t\t\t\t\t\t\t\t\t\t\t\t\t<\/div>\n\t\t\t\t<\/div>\n\t\t\t\t\t<\/div>\n\t\t<\/div>\n\t\t\t\t<div class=\"elementor-column elementor-col-50 elementor-top-column elementor-element elementor-element-0a7a256 color-scheme-light\" data-id=\"0a7a256\" data-element_type=\"column\" data-e-type=\"column\">\n\t\t\t<div class=\"elementor-widget-wrap elementor-element-populated\">\n\t\t\t\t\t\t<div class=\"elementor-element elementor-element-aee53cf elementor-widget elementor-widget-heading\" data-id=\"aee53cf\" data-element_type=\"widget\" data-e-type=\"widget\" data-widget_type=\"heading.default\">\n\t\t\t\t<div class=\"elementor-widget-container\">\n\t\t\t\t\t<h2 class=\"elementor-heading-title elementor-size-default\">\nFruit Attraction IFEMA Madrid\n3 octobre \u2013 5 octobre 2023<\/h2>\t\t\t\t<\/div>\n\t\t\t\t<\/div>\n\t\t\t\t<div class=\"elementor-element elementor-element-65e848c text-center color-scheme-inherit elementor-widget elementor-widget-text-editor\" data-id=\"65e848c\" data-element_type=\"widget\" data-e-type=\"widget\" data-widget_type=\"text-editor.default\">\n\t\t\t\t<div class=\"elementor-widget-container\">\n\t\t\t\t\t\t\t\t\t<p>Fruit Attraction 2023 est un \u00e9v\u00e9nement international de premier plan dans le secteur des fruits et l\u00e9gumes, offrant une plateforme aux professionnels de l&rsquo;industrie pour se connecter, pr\u00e9senter des produits et explorer les tendances \u00e9mergentes. L&rsquo;\u00e9v\u00e9nement \u00e9tait pr\u00e9vu du 3 au 5 octobre 2023, \u00e0 l&rsquo;IFEMA de Madrid.<\/p>\t\t\t\t\t\t\t\t<\/div>\n\t\t\t\t<\/div>\n\t\t\t\t\t<\/div>\n\t\t<\/div>\n\t\t\t\t\t<\/div>\n\t\t<\/section>\n\t\t\t\t<\/div>\n\t\t","protected":false},"excerpt":{"rendered":"<p>La ferme fruiti\u00e8re \u00e0 la PREMI\u00c8RE ET PLUS GRANDE EXPOSITION AGROALIMENTAIRE D&rsquo;AFRIQUE &#8211; FOOD AFRICA 2023 Au cours des sept<\/p>\n","protected":false},"author":2,"featured_media":0,"parent":0,"menu_order":0,"comment_status":"closed","ping_status":"closed","template":"","meta":{"footnotes":""},"class_list":["post-19052","page","type-page","status-publish","hentry"],"_links":{"self":[{"href":"https:\/\/fruityfarms.co\/fr\/wp-json\/wp\/v2\/pages\/19052","targetHints":{"allow":["GET"]}}],"collection":[{"href":"https:\/\/fruityfarms.co\/fr\/wp-json\/wp\/v2\/pages"}],"about":[{"href":"https:\/\/fruityfarms.co\/fr\/wp-json\/wp\/v2\/types\/page"}],"author":[{"embeddable":true,"href":"https:\/\/fruityfarms.co\/fr\/wp-json\/wp\/v2\/users\/2"}],"replies":[{"embeddable":true,"href":"https:\/\/fruityfarms.co\/fr\/wp-json\/wp\/v2\/comments?post=19052"}],"version-history":[{"count":53,"href":"https:\/\/fruityfarms.co\/fr\/wp-json\/wp\/v2\/pages\/19052\/revisions"}],"predecessor-version":[{"id":19669,"href":"https:\/\/fruityfarms.co\/fr\/wp-json\/wp\/v2\/pages\/19052\/revisions\/19669"}],"wp:attachment":[{"href":"https:\/\/fruityfarms.co\/fr\/wp-json\/wp\/v2\/media?parent=19052"}],"curies":[{"name":"wp","href":"https:\/\/api.w.org\/{rel}","templated":true}]}}